{"id":7,"date":"2026-02-03T18:58:05","date_gmt":"2026-02-03T18:58:05","guid":{"rendered":"https:\/\/motivacija.com\/?page_id=7"},"modified":"2026-02-11T07:27:26","modified_gmt":"2026-02-11T07:27:26","slug":"moje-iskreno-mnenje-o-knjigi-pubec-iz-ozbalta","status":"publish","type":"page","link":"https:\/\/motivacija.com\/","title":{"rendered":"Moje iskreno mnenje o knjigi Pubec iz O\u017ebalta"},"content":{"rendered":"\n\n\nVsi poznamo Smiljana Morija. Vsaj po imenu. Po videzu. Po ob\u010dutku, ki ga v \u010dloveku pusti \u017ee ob prvem stiku z njegovo javno podobo. In \u010de sem povsem iskrena, meni osebno je dolgo \u010dasa odkrito \u0161el na \u017eivce. Ne zato, ker bi ga poznala, temve\u010d prav zato, ker ga nisem. Vedela sem le, da je \u201cmotivator\u201d. Eden tistih glasnih, samozavestnih, vseprisotnih obrazov uspeha, ob katerih si \u010dlovek hitro ustvari mnenje, \u0161e preden se sploh vpra\u0161a, od kod prihajajo.\n\n\n\n\nZakaj sem torej v roke vzela knjigo Pubec iz O\u017ebalta? Ne zaradi navdiha, ne zaradi \u017eelje po nasvetih in zagotovo ne zato, ker bi iskala \u0161e eno klasi\u010dno zgodbo o uspehu. Vzela sem jo iz radovednosti. Zanimalo me je, kdo je \u010dlovek za podobo. Pravzaprav sploh nisem natan\u010dno vedela, s \u010dim se ukvarja. Da ima v lasti ali soupravlja ve\u010d kot 16 podjetij po Balkanu, da je zgradil mednarodno kariero in da je njegov vpliv bistveno ve\u010dji, kot sem si predstavljala, sem izvedela \u0161ele med branjem. In prav tam se je za\u010del moj premik.\n\n\n\n\nKnjiga, ki sem jo sprva odprla z rahlo distanco in precej predsodki, se je pred menoj razgrnila kot veliko ve\u010d kot le osebna kronologija uspehov. Postala je zgodba o poti. O notranjih bojih, o dokazovanju, o padcih in odlo\u010ditvah, ki niso bile vedno udobne, so pa bile odlo\u010dilne.<br>\n<strong style=\"letter-spacing: -0.1px;\">In prav tam se je zgodil preobrat.<\/strong>\n\n\n\n\n\n<br><b>Ni cilj tisti, ki \u0161teje \u2013 ampak pot<\/b>\n<p>\nMed branjem sem ugotovila, da Pubec iz O\u017ebalta ni klasi\u010dna zgodba o uspehu. Je \u0161tudija poti. Knjiga ne poveli\u010duje kon\u010dnih dose\u017ekov, temve\u010d proces: vztrajnost, disciplino, notranjo rast in predvsem sposobnost, da \u010dlovek sam pri sebi raz\u010disti, zakaj sploh nekaj po\u010dne.\nMed branjem sem ugotovila, da Pubec iz O\u017ebalta ni klasi\u010dna zgodba o uspehu. Je \u0161tudija poti. Knjiga ne poveli\u010duje kon\u010dnih dose\u017ekov, temve\u010d proces: vztrajnost, disciplino, notranjo rast in predvsem sposobnost, da \u010dlovek sam pri sebi raz\u010disti, zakaj sploh nekaj po\u010dne.<\/p>\n<p><a href=\"https:\/\/smiljanmori.com\/trgovina\/knjige\/pubec-iz-ozbalta\/\"><br><\/a><\/p>\n<p><a href=\"https:\/\/smiljanmori.com\/trgovina\/knjige\/pubec-iz-ozbalta\/\">Naro\u010dite svoj izvod knjige TUKAJ.<\/a><\/p>\n<p><br>Mori zelo jasno poka\u017ee, da materialne dobrine, sanjski avto, denar in status kar hitro izgubijo svoj \u010dar. Ostane pa nekaj drugega. Spomini na premagovanje ovir, u\u010denje novih ve\u0161\u010din in osebno transformacijo. Njegova pot od otro\u0161tva v vasi brez teko\u010de vode in elektrike do svetovnih odrov ni predstavljena kot \u010dude\u017e, temve\u010d kot posledica odlo\u010ditev. Mori odkrito pove, da se kljub objektivnemu pomanjkanju v otro\u0161tvu nikoli ni po\u010dutil revnega, ker je bila njegova dru\u017eina bogata z igrivostjo, povezanostjo in smehom. Ta perspektiva se me je resni\u010dno dotaknila.<\/p>\n\n\n\n\n<strong>Motor dokazovanja in potreba po potrditvi<br><\/strong><br>\nEden najbolj iskrenih delov knjige je priznanje, da ga je skozi velik del \u017eivljenja gnal t. i. motor dokazovanja. Najprej o\u010detu, ki mu je govoril, da iz njega ne bo ni\u010d, kasneje so\u0161olcem v policijski \u0161oli, ki so ga zbadali zaradi nare\u010dja in videza.\n<br><br>V tem sem prepoznala nekaj zelo \u010dlove\u0161kega. Potrebo, da si v svojem okolju pomemben. Da doka\u017ee\u0161, da si vreden. \u010ceprav je postal najbolj\u0161i kadet svoje generacije, je zanimivo, da se niti tam njegova zgodba ne zaklju\u010di z zmagoslavjem. Ravno nasprotno.<br><br>\nPresunila me je njegova zgodba o vizualizaciji. Tri leta si je predstavljal govor na stadionu, molil in verjel, da bo ta trenutek pri\u0161el. Nato pa je vse \u010dez no\u010d prekinila vojna za osamosvojitev Slovenije. Ta del knjige zelo jasno poka\u017ee, kako malo nadzora imamo v resnici nad \u017eivljenjem, ne glede na to, kako disciplinirani in osredoto\u010deni smo.\n<p><a href=\"https:\/\/smiljanmori.com\/trgovina\/knjige\/pubec-iz-ozbalta\/\"><br><\/a><\/p>\n<p><a href=\"https:\/\/smiljanmori.com\/trgovina\/knjige\/pubec-iz-ozbalta\/\">Naro\u010dite svoj izvod knjige TUKAJ.<\/a><\/p>\n\n\n\n\n<b>Pogum zapustiti varnost\n<\/b>\n<p>Kot bralko me je mo\u010dno nagovorila tudi njegova neustra\u0161nost pri menjavi kariere. Mori je v enem dnevu zapustil slu\u017ebo kriminalista. Stabilno, varno, dru\u017ebeno priznano kariero, ker v njej ni ve\u010d videl smisla in rezultatov. <\/p>\n<p>\nNjegov vstop v svet osebnostne rasti se za\u010dne skoraj filmsko. Z naklju\u010dno najdeno kaseto Tonyja Robbinsa v solariju. A za tem \u201cnaklju\u010djem\u201d sledijo zelo konkretna dejanja. Kredit v vi\u0161ini 10.000 dolarjev za prvi ve\u010dji seminar v tujini. Investicija v znanje, ki je takrat ni razumela niti njegova okolica niti dav\u010dna uprava. Ta del knjige je mo\u010dan opomnik, da resni\u010dna sprememba skoraj nikoli ne pride brez tveganja.<\/p>\n\n\n\n\n<b>Uspeh brez empatije ne pomeni ni\u010d<\/b>\nKnjiga Pubec iz O\u017ebalta ni le zgodba o poslu, ambiciji in dose\u017ekih. Njena prava te\u017ea se razkrije \u0161ele v najbolj intimnih poglavjih \u2013 tam, kjer Smiljan spregovori o Heleni in njunem dolgotrajnem boju z neplodnostjo. O tem brez olep\u0161evanja, brez patetike, a z redko iskrenostjo, ki jo danes redko sre\u010damo v biografijah uspe\u0161nih ljudi.\nNjuna odlo\u010ditev za posvojitev otroka iz Rusije, kljub temu da jima je kasneje uspelo tudi naravno zanositi, razkrije nekaj bistveno pomembnej\u0161ega od kateregakoli poslovnega dose\u017eka: globoko osebno integriteto in zvestobo danim obljubam \u2013 sebi, drug drugemu in \u017eivljenju samemu.\nIn prav tukaj se je zame zgodil tisti notranji premik. Mori, ki mi je \u0161e nedolgo nazaj \u0161el skoraj na \u017eivce, se je v mojih o\u010deh preobrazil v \u010dloveka, do katerega sem za\u010dela \u010dutiti iskreno spo\u0161tovanje. Ne zaradi rezultatov, \u0161tevilk ali podjetij, temve\u010d zaradi vrednot, poguma in sposobnosti ostati \u010dlovek tudi takrat, ko \u017eivljenje ne sledi na\u010drtu.\nTa del knjige me je opomnil na nekaj zelo preprostega, a pogosto pozabljenega: uspeh brez empatije, brez odgovornosti do drugih in brez \u010dlove\u010dnosti na koncu ne pomeni prav veliko. Vse ostalo je samo hrup.\n<p><a href=\"https:\/\/smiljanmori.com\/trgovina\/knjige\/pubec-iz-ozbalta\/\"><br><\/a><\/p>\n<p><a href=\"https:\/\/smiljanmori.com\/trgovina\/knjige\/pubec-iz-ozbalta\/\">Naro\u010dite svoj izvod knjige TUKAJ.<\/a><\/p>\n\n\n\n\n<b>Slovenija, uspeh in odpor okolja<\/b>\nMori se ne izogne niti kritiki slovenskega okolja, kjer se uspeh pogosto hitro kriminalizira ali zavida. Njegov odgovor na to ni bil boj, temve\u010d \u0161iritev. V tujino, na druge trge, v druga\u010dne miselne okvirje. Bole\u010dino je uporabil kot gorivo.\nDanes svojo vlogo vidi predvsem v mentorstvu mlaj\u0161im generacijam. Ne zato, da bi jih navdu\u0161eval, temve\u010d da bi jim skraj\u0161al pot do modrosti v svetu, ki je prepoln informacij, a pogosto brez pravega vodstva.\n\n\n\n\n<b>Zaklju\u010dek: knjiga kot povabilo k lastni zgodbi<\/b>\nPubec iz O\u017ebalta ni knjiga, ki bi jo prebrala zaradi nasvetov tipa \u00bbkako uspeti v petih korakih\u00ab. Je knjiga, ki te nehote prisili, da se vpra\u0161a\u0161, kak\u0161no zgodbo pi\u0161e\u0161 sam.\nMori pravi, da je to \u0161ele \u00bbprvih petdeset let\u00ab. Jaz pa knjigo do\u017eivljam kot povabilo, da vsak izmed nas neko\u010d napi\u0161e svojo zgodbo, ne za javnost, temve\u010d kot zapu\u0161\u010dino svojim otrokom. Sporo\u010dila o disciplini, komunikaciji, notranji dr\u017ei in o tem, da nam ne sme biti mar za mnenje drugih.\nNjegovo \u017eivljenje je dokaz, da potencial ne ostane neizkori\u0161\u010den zato, ker ga nimamo, temve\u010d zato, ker predolgo \u010dakamo. In prav to je najve\u010dja vrednost te knjige.\n<p><a href=\"https:\/\/smiljanmori.com\/trgovina\/knjige\/pubec-iz-ozbalta\/\">Naro\u010dite svoj izvod knjige TUKAJ.<\/a><\/p>\n\n\n","protected":false},"excerpt":{"rendered":"","protected":false},"author":2,"featured_media":0,"parent":0,"menu_order":0,"comment_status":"closed","ping_status":"closed","template":"","meta":{"pagelayer_contact_templates":[],"_pagelayer_content":"","footnotes":""},"class_list":["post-7","page","type-page","status-publish","hentry"],"_links":{"self":[{"href":"https:\/\/motivacija.com\/index.php?rest_route=\/wp\/v2\/pages\/7","targetHints":{"allow":["GET"]}}],"collection":[{"href":"https:\/\/motivacija.com\/index.php?rest_route=\/wp\/v2\/pages"}],"about":[{"href":"https:\/\/motivacija.com\/index.php?rest_route=\/wp\/v2\/types\/page"}],"author":[{"embeddable":true,"href":"https:\/\/motivacija.com\/index.php?rest_route=\/wp\/v2\/users\/2"}],"replies":[{"embeddable":true,"href":"https:\/\/motivacija.com\/index.php?rest_route=%2Fwp%2Fv2%2Fcomments&post=7"}],"version-history":[{"count":6,"href":"https:\/\/motivacija.com\/index.php?rest_route=\/wp\/v2\/pages\/7\/revisions"}],"predecessor-version":[{"id":21,"href":"https:\/\/motivacija.com\/index.php?rest_route=\/wp\/v2\/pages\/7\/revisions\/21"}],"wp:attachment":[{"href":"https:\/\/motivacija.com\/index.php?rest_route=%2Fwp%2Fv2%2Fmedia&parent=7"}],"curies":[{"name":"wp","href":"https:\/\/api.w.org\/{rel}","templated":true}]}}